{"id":55,"date":"2013-03-03T16:21:29","date_gmt":"2013-03-03T15:21:29","guid":{"rendered":"http:\/\/www.electrons-libres.eu\/?page_id=55"},"modified":"2013-12-28T14:31:01","modified_gmt":"2013-12-28T13:31:01","slug":"resultats-2013","status":"publish","type":"page","link":"https:\/\/www.electrons-libres.eu\/?page_id=55","title":{"rendered":"R\u00e9sultats 2013"},"content":{"rendered":"<p><span style=\"text-decoration: underline; color: #ff0000;\"><strong>21 d\u00e9cembre 2013<\/strong><\/span><strong>\u00a0 :\u00a0 <\/strong><em><span style=\"color: #ffff00;\"><strong>LA COURSE DES P\u00c8RES NO\u00cbL<\/strong> <\/span>\u00a0\u00a0 <\/em><a href=\"https:\/\/www.ville-saint-benoit.fr\/culture-temps-libre\/le-comite-des-fetes.html\" target=\"_blank\"><em>l<\/em><em>e site<\/em><\/a><\/p>\n<p><span style=\"text-decoration: underline; color: #008000;\"><strong>7,5 km<\/strong><\/span><strong> : plus de 950 arrivants !!!<br \/>\n<\/strong><\/p>\n<p><span style=\"color: #3366ff;\"><strong>Damien SIGURET<\/strong><\/span> <strong>:<\/strong> <strong>184\u00e8me au scratch en 00:37:19 (28\u00e8me V2H)<\/strong><\/p>\n<p><strong><span style=\"color: #3366ff;\">Aur\u00e9lie SEGRET-CLOCHARD<\/span>\u00a0: 249\u00e8me\u00a0au scratch en 00:39:40 (9\u00e8me SEF)<\/strong><\/p>\n<p><strong><span style=\"color: #3366ff;\"><strong>M\u00e9lanie BAUDOUIN<\/strong><\/span> : 307\u00e8me\u00a0au scratch en 00:41:03 (17\u00e8me SEF)<\/strong><\/p>\n<p><strong><span style=\"color: #3366ff;\">Ma\u00ebva DUPONT<\/span> : 577\u00e8me\u00a0au scratch en 00:46:57 (56\u00e8me SEF)<\/strong><\/p>\n<p><strong><span style=\"color: #3366ff;\">Guillaume ANASTAY<\/span> : 579\u00e8me\u00a0au scratch en 00:46:58 (177\u00e8me SEH)<\/strong><\/p>\n<p><strong><span style=\"color: #3366ff;\">Christelle BERNARD<\/span> : 683\u00e8me\u00a0au scratch en 00:49:36 (57\u00e8me V1F)<\/strong><\/p>\n<p><strong><span style=\"color: #3366ff;\">Nora <\/span><\/strong><span style=\"color: #000000;\">(Invit\u00e9e \u00c9lectrons Libres)<\/span><span style=\"color: #3366ff;\"><span style=\"color: #000000;\">: <\/span><\/span> <strong>755\u00e8me\u00a0au scratch en 00:52:03 (89\u00e8me SEF)<\/strong><\/p>\n<p><span style=\"text-decoration: underline; color: #ff0000;\"><strong>08 d\u00e9cembre 2013<\/strong><\/span><strong>\u00a0:\u00a0 <\/strong><em><span style=\"color: #ffff00;\"><strong>LA BALADE HIVERNALE (Jardres)<\/strong><\/span> \u00a0 <\/em><a href=\"https:\/\/fouleesdouces.over-blog.com\/\" target=\"_blank\"><em>l<\/em><\/a><a href=\"https:\/\/www.lesbaladinsdejardres.fr\/2013\/12\/les-resultats-du-trail-la-balade-hivernale-2013\/\" target=\"_blank\"><em>e site<\/em><\/a><\/p>\n<p><span style=\"text-decoration: underline; color: #008000;\"><strong>Sur le 9 km<\/strong><\/span><strong> : 233 arrivants<br \/>\n<\/strong><\/p>\n<p><strong><span style=\"color: #3366ff;\"><strong>Christophe DEVAUD<\/strong><\/span> : 10\u00e8me\u00a0au scratch en 00:38:10 (5\u00e8me SEH)<\/strong><\/p>\n<p><span style=\"text-decoration: underline; color: #008000;\"><strong>Sur le 17 km<\/strong><\/span><strong> : 240 arrivants<\/strong><\/p>\n<p><span style=\"color: #3366ff;\"><strong>Damien SIGURET<\/strong><\/span> <strong>:<\/strong> <strong>153\u00e8me au scratch en 01:36:33 (28\u00e8me V2H)<\/strong><\/p>\n<p>&nbsp;<\/p>\n<p><span style=\"text-decoration: underline;\"><span style=\"color: #ff0000; text-decoration: underline;\"><strong>17 novembre 2013<\/strong><\/span><\/span><strong><span style=\"color: #ff0000;\">\u00a0<\/span><span style=\"color: #ff0000;\">:<\/span>\u00a0 <\/strong><em><span style=\"color: #ffff00;\"><strong>LA COURSE DE L&rsquo;AUTOMNE<\/strong> <\/span>\u00a0\u00a0 <\/em><a href=\"https:\/\/fouleesdouces.over-blog.com\/\" target=\"_blank\"><em>l<\/em><em>e site<\/em><\/a><\/p>\n<p><span style=\"text-decoration: underline; color: #008000;\"><span style=\"text-decoration: underline;\"><strong>Sur le 5 km<\/strong><\/span><\/span><strong><span style=\"color: #339966;\"> :<\/span> 196 arrivants<br \/>\n<\/strong><\/p>\n<p><strong><span style=\"color: #3366ff;\"><strong>Christophe DEVAUD<\/strong><\/span> : 13\u00e8me\u00a0au scratch en 00:20:47 (<span style=\"color: #ff0000;\">2\u00e8me SEH<\/span>)<\/strong><\/p>\n<p><strong><span style=\"color: #3366ff;\"><strong>M\u00e9lanie BAUDOUIN<\/strong><\/span> : 107\u00e8me\u00a0au scratch en 00:30:34 (11\u00e8me SEF)<\/strong><\/p>\n<p><strong><span style=\"color: #3366ff;\">Antoine SIGURET<\/span> : 175\u00e8me\u00a0au scratch en 00:38:14 (17\u00e8me Cadet H)<\/strong><\/p>\n<p><span style=\"text-decoration: underline; color: #008000;\"><span style=\"text-decoration: underline;\"><strong>Sur le 10 km<\/strong><\/span><\/span><strong><span style=\"color: #008000;\"> :<\/span> 520 arrivants<\/strong><\/p>\n<p><span style=\"color: #3366ff;\"><strong>Damien SIGURET<\/strong><\/span> <strong>:<\/strong> <strong>244\u00e8me au scratch en 00:53:56 (77\u00e8me V1H)<\/strong><\/p>\n<p>&nbsp;<\/p>\n<p><span style=\"text-decoration: underline; color: #ff0000;\"><strong>03 novembre 2013<\/strong><\/span><strong>\u00a0 :\u00a0 <\/strong><em><span style=\"color: #ffff00;\"><strong>NOUAILLE &#8211; Les Foul\u00e9es de Globe Sant\u00e9<\/strong><\/span> \u00a0\u00a0 <\/em><a href=\"https:\/\/www.lesptitsmoteurs.com\" target=\"_blank\"><em>l<\/em><em>e site<\/em><\/a><\/p>\n<p><span style=\"text-decoration: underline; color: #008000;\"><strong>Sur le 10 km<\/strong><\/span><strong> : 227 arrivants<br \/>\n<\/strong><\/p>\n<p><strong>Guillaume ANASTAY : 100\u00e8me\u00a0au scratch en 00:52:03(45\u00e8me SEH)<\/strong><\/p>\n<p><strong>Damien SIGURET<\/strong> <strong>:<\/strong> <strong>104\u00e8me au scratch en 00:52:23 (35\u00e8me V1H)<\/strong><\/p>\n<p>&nbsp;<\/p>\n<p><span style=\"text-decoration: underline; color: #ff0000;\"><strong>27 octobre 2013<\/strong><\/span><strong>\u00a0 :\u00a0 <\/strong><em><span style=\"color: #ffff00;\"><strong>L&rsquo; \u00c9CHAPP\u00c9E BELLE<\/strong><\/span> \u00a0\u00a0 <\/em><a href=\"https:\/\/www.compagnonsdelaclouere.com\/\" target=\"_blank\"><em>l<\/em><em>e site<\/em><\/a><\/p>\n<p><span style=\"text-decoration: underline; color: #008000;\"><strong>Sur le 7,5 km<\/strong><\/span><strong> : 450 arrivants<br \/>\n<\/strong><\/p>\n<p><strong><span style=\"color: #3366ff;\"><strong>Christophe DEVAUD<\/strong><\/span> : 22\u00e8me\u00a0au scratch en 00:29:30(12\u00e8me SEH)<\/strong><\/p>\n<p><span style=\"color: #3366ff;\"><strong>Damien SIGURET<\/strong><\/span> <strong>:<\/strong> <strong>124\u00e8me au scratch en 00:36:46 (31\u00e8me V1H)<\/strong><\/p>\n<p><strong><span style=\"color: #3366ff;\">Guillaume ANASTAY<\/span> : 127\u00e8me\u00a0au scratch en 00:37:02 (40\u00e8me SEH)<\/strong><\/p>\n<p><strong><span style=\"color: #3366ff;\">Aur\u00e9lie SEGRET-CLOCHARD<\/span>\u00a0: 228\u00e8me\u00a0au scratch en 00:40:33 (17\u00e8me SEF)<\/strong><\/p>\n<p><strong><strong><span style=\"color: #3366ff;\">M\u00e9lanie BAUDOUIN<\/span><\/strong> : 312\u00e8me\u00a0au scratch en 00:44:00 (30\u00e8me SEF)<\/strong><\/p>\n<p><strong><span style=\"color: #3366ff;\">Ma\u00ebva DUPONT<\/span> : 403\u00e8me\u00a0au scratch en 00:50:23 (43\u00e8me SEF)<\/strong><\/p>\n<p><strong><span style=\"color: #3366ff;\">Christelle BERNARD<\/span> : 404\u00e8me\u00a0au scratch en 00:50:2 (47\u00e8me V1F)<\/strong><\/p>\n<p>&nbsp;<\/p>\n<p><span style=\"text-decoration: underline;\"><span style=\"color: #ff0000; text-decoration: underline;\"><strong>22 septembre 2013<\/strong><\/span><\/span><strong>\u00a0 :\u00a0 <\/strong><em><span style=\"color: #ffff00;\"><strong>LE TRAIL du Lac de St Cyr<\/strong><\/span> \u00a0\u00a0\u00a0 <\/em><a href=\"https:\/\/www.lesbipedesdesaintcyr.com\/\" target=\"_blank\"><em>l<\/em><em>e sit<\/em><em>e<\/em><\/a><\/p>\n<p><span style=\"text-decoration: underline;\"><span style=\"color: #008000; text-decoration: underline;\"><strong>Sur le 2<\/strong><\/span><span style=\"color: #008000; text-decoration: underline;\"><strong>2<\/strong><\/span><span style=\"color: #008000; text-decoration: underline;\"><strong> km<\/strong><\/span><\/span><strong> : 225 arrivants<\/strong><\/p>\n<p><span style=\"color: #3366ff;\"><strong>Damien SIGURET<\/strong><\/span> <strong>:<\/strong> <strong>154\u00e8me au scratch en 02:13:46 <strong>(49\u00e8me V1H)<\/strong><br \/>\n<\/strong><\/p>\n<p>&nbsp;<\/p>\n<p><span style=\"text-decoration: underline;\"><span style=\"color: #ff0000;\"><strong>17 ao\u00fbt 2013<\/strong><\/span><\/span><strong>\u00a0 :\u00a0 <\/strong><em><strong><span style=\"color: #ffff00;\">LE TRAIL DES CASTORS<\/span><\/strong> \u00a0\u00a0\u00a0 <\/em><a href=\"https:\/\/www.trail-des-castors.com\/\" target=\"_blank\"><em>l<\/em><em>e sit<\/em><\/a><a href=\"https:\/\/www.trailduboutdumonde.com\/\" target=\"_blank\"><em>e<\/em><\/a><\/p>\n<p><span style=\"text-decoration: underline;\"><span style=\"color: #008000; text-decoration: underline;\"><strong>Sur le 45 km<\/strong><\/span><\/span><strong> : 60 arrivants<\/strong><\/p>\n<p><span style=\"color: #3366ff;\"><strong>Damien SIGURET<\/strong><\/span> <strong>:<\/strong> <strong>35\u00e8me au scratch en 04:57:07<\/strong><\/p>\n<p>&nbsp;<\/p>\n<p><span style=\"text-decoration: underline;\"><span style=\"color: #ff0000;\"><strong>6-7 juillet 2013<\/strong><\/span><\/span><strong>\u00a0 :\u00a0 <\/strong><em><strong><span style=\"color: #ffff00;\">LE TRAIL DU BOUT DU MONDE<\/span><\/strong> \u00a0\u00a0\u00a0\u00a0 <\/em><a href=\"https:\/\/www.ville-saint-benoit.fr\/culture-temps-libre\/le-comite-des-fetes.html\" target=\"_blank\"><em>l<\/em><\/a><a href=\"https:\/\/www.trailduboutdumonde.com\/\" target=\"_blank\"><em>e site<\/em><\/a><\/p>\n<p><span style=\"text-decoration: underline;\"><span style=\"color: #008000; text-decoration: underline;\"><strong>Sur le 15 km<\/strong><\/span><\/span><strong> : 603 arrivants<\/strong><\/p>\n<p><strong><span style=\"color: #3366ff;\">Nicolas COLOMBET<\/span> : 315\u00e8me\u00a0au scratch en 01:41:19 (147\u00e8me SEH)<\/strong><\/p>\n<p><strong><span style=\"color: #3366ff;\">Aur\u00e9lie SEGRET-CLOCHARD<\/span>\u00a0: 321\u00e8me\u00a0au scratch en 01:48:28 (32\u00e8me SEF)<\/strong><\/p>\n<p><strong><span style=\"color: #3366ff;\">M\u00e9lanie BAUDOUIN<\/span> : 548\u00e8me\u00a0au scratch en 01:59:11 (96\u00e8me SEF)<\/strong><\/p>\n<p><strong><span style=\"color: #3366ff;\">Christine MAQUIN<\/span> : 581\u00e8me\u00a0au scratch en 02:08:52 (101\u00e8me V1F)<\/strong><\/p>\n<p><span style=\"text-decoration: underline;\"><span style=\"color: #008000; text-decoration: underline;\"><strong>Sur le 37 km<\/strong><\/span><\/span><strong> : 545 arrivants<\/strong><\/p>\n<p><strong><span style=\"color: #3366ff;\">Christophe DEVAUD<\/span> : 388\u00e8me\u00a0au scratch en 04:47:10 (127\u00e8me SEH)<\/strong><\/p>\n<p><span style=\"color: #3366ff;\"><strong>Damien SIGURET<\/strong><\/span> <strong>:<\/strong> <strong>389\u00e8me au scratch en 04:47:16 (102\u00e8me V1H)<\/strong><\/p>\n<p>&nbsp;<\/p>\n<p><span style=\"text-decoration: underline;\"><span style=\"color: #ff0000; text-decoration: underline;\"><strong>16 juin 2013<\/strong><\/span><\/span><strong>\u00a0 :\u00a0 <\/strong><em><span style=\"color: #ffff00;\"><strong>LES FOUL\u00c9ES DE VERNON<\/strong><\/span> \u00a0\u00a0\u00a0\u00a0 <\/em><a href=\"https:\/\/les.foulees.vernon.free.fr\/index.html\" target=\"_blank\"><em>l<\/em><em>e site<\/em><\/a><\/p>\n<p><span style=\"text-decoration: underline; color: #008000;\"><strong>Sur le 7,5 km<\/strong><\/span><strong> : 359 arrivants<\/strong><\/p>\n<p><strong><span style=\"color: #3366ff;\"><strong>Christophe DEVAUD<\/strong><\/span> : 43\u00e8me\u00a0au scratch en 00:30:51 (18\u00e8me SEH)<\/strong><\/p>\n<p><span style=\"color: #3366ff;\"><strong>Damien SIGURET<\/strong><\/span> <strong>:<\/strong> <strong>160\u00e8me au scratch en 00:38:13 (39\u00e8me V1H)<\/strong><\/p>\n<p><strong><span style=\"color: #3366ff;\">Guillaume ANASTAY<\/span> : 203\u00e8me\u00a0au scratch en 00:40:40 (32\u00e8me SEH)<\/strong><\/p>\n<p><strong><span style=\"color: #3366ff;\">Antoine SIGURET<\/span> : 336\u00e8me\u00a0au scratch en 00:51:26 (9\u00e8me Cadet H)<\/strong><\/p>\n<p><strong><span style=\"color: #3366ff;\">Christine MAQUIN<\/span> : 347\u00e8me\u00a0au scratch en 00:53:42 (38\u00e8me V1F)<\/strong><\/p>\n<p><strong><span style=\"color: #3366ff;\">Christelle BERNARD<\/span> : 349\u00e8me\u00a0au scratch en 00:54:15 (39\u00e8me V1F)<\/strong><\/p>\n<p><span style=\"text-decoration: underline; color: #008000;\"><strong>Sur le 15 km<\/strong><\/span><strong> : 221 arrivants<\/strong><\/p>\n<p><strong><span style=\"color: #3366ff;\">Aur\u00e9lie SEGRET-CLOCHARD<\/span>\u00a0: 162\u00e8me\u00a0au scratch en 01:19:48 (10\u00e8me SEF)<\/strong><\/p>\n<p>&nbsp;<\/p>\n<p><span style=\"text-decoration: underline; color: #ff0000;\"><strong>09 mai 2013<\/strong><\/span><strong>\u00a0 :\u00a0 <\/strong><em><span style=\"color: #ffff00;\"><strong>LE RELAIS DES ASPERGES<\/strong> <\/span>\u00a0 <\/em><a href=\"https:\/\/www.lesbipedesdesaintcyr.com\/pages\/LE_15_EME_RELAIS_DES_ASPERGES_09_MAI_2013-346550.html\" target=\"_blank\"><em>l<\/em><em>e site<\/em><\/a><\/p>\n<p><strong>101 \u00e9quipes au d\u00e9part<\/strong><\/p>\n<p><strong><span style=\"color: #3366ff;\">Christophe DEVAUD \/<\/span> <span style=\"color: #3366ff;\">Gr\u00e9gory MAHAUDEAU<\/span> : 12<strong>\u00e8me\u00a0au scratch<\/strong><br \/>\n<\/strong><strong><\/strong><\/p>\n<p><strong><span style=\"color: #3366ff;\">Aur\u00e9lie SEGRET-CLOCHARD \/ <\/span><\/strong><strong><span style=\"color: #3366ff;\">Guillaume ANASTAY : <\/span><\/strong><strong><strong>68\u00e8me\u00a0au scratch<\/strong><\/strong><\/p>\n<p><strong><span style=\"color: #3366ff;\">Franck LEFORESTIER<\/span> <span style=\"color: #3366ff;\">\/<\/span> <span style=\"color: #3366ff;\">C\u00e9dric AUGRY<\/span><\/strong><strong> : 93<\/strong><strong><strong>\u00e8me\u00a0au scratch<\/strong><\/strong><\/p>\n<p>&nbsp;<\/p>\n<p><span style=\"text-decoration: underline; color: #ff0000;\"><strong>21 avril 2013<\/strong><\/span><strong>\u00a0 :<span style=\"color: #ffff00;\">\u00a0 <\/span><\/strong><em><span style=\"color: #ffff00;\"><strong>LES FOUL\u00c9ES DE N<\/strong><strong>IEU<\/strong><strong>IL<\/strong> <strong>L&rsquo;ESPOIR<\/strong> \u00a0<\/span>\u00a0 <\/em><a href=\"https:\/\/viennebiathlon.free.fr\/\" target=\"_blank\"><em>l<\/em><em>e site<\/em><\/a><\/p>\n<p><span style=\"text-decoration: underline; color: #008000;\"><strong>Sur le 7,5 km<\/strong><\/span><strong> : 313 arrivants<\/strong><\/p>\n<p><strong><span style=\"color: #3366ff;\"><strong>Christophe DEVAUD<\/strong><\/span> : 34\u00e8me\u00a0au scratch en 00:30:38 (15\u00e8me SEH)<\/strong><\/p>\n<p><strong><span style=\"color: #3366ff;\">M\u00e9lanie BAUDOUIN<\/span> : 277\u00e8me\u00a0au scratch en 00:48:29 (26\u00e8me SEF)<\/strong><\/p>\n<p><strong><span style=\"color: #3366ff;\">Christine MAQUIN<\/span> : 302\u00e8me\u00a0au scratch en 00:51:59 (40\u00e8me V1F)<\/strong><\/p>\n<p><span style=\"text-decoration: underline; color: #008000;\"><strong>Sur le 15 km<\/strong><\/span><strong> : 252 arrivants<\/strong><\/p>\n<p><strong><span style=\"color: #3366ff;\">Nicolas COLOMBET<\/span> : 144\u00e8me\u00a0au scratch en 01:17:09 (44\u00e8me SEH)<\/strong><\/p>\n<p>&nbsp;<\/p>\n<p><span style=\"text-decoration: underline; color: #ff0000;\"><span style=\"text-decoration: underline;\"><strong>27 Janvier 2013<\/strong><\/span><\/span><strong>\u00a0 : \u00a0<\/strong><span style=\"color: #ffff00;\"><em>TRAIL DU MIOSSON<\/em><\/span><\/p>\n<h1><em>Photos et r\u00e9sultats complets :<\/em><em>\u00a0 <\/em><em><a href=\"https:\/\/www.poitiersco.org\/nous-rejoindre\/fonctionnement-du-club\/trail-du-miosson\" target=\"_blank\">ici<\/a>\u00a0 Qui c&rsquo;est qu&rsquo;est dans le journal ???<\/em><\/h1>\n<p><span style=\"text-decoration: underline; color: #008000;\"><strong>Sur le\u00a0 8 km <\/strong><\/span><strong>: <\/strong><strong>196 arrivants<\/strong><\/p>\n<p><strong><span style=\"color: #3366ff;\">Christophe DEVAUD <\/span>: 21\u00e8me au scratch en 00:41:03:8 (11\u00e8me SEM)<\/strong><\/p>\n<p><strong><span style=\"color: #3366ff;\">Aur\u00e9lie SEGRET-CLOCHARD<\/span> : 130\u00e8me au scratch en 00:58:58:9 (7\u00e8me SEF)<\/strong><\/p>\n<p><strong><\/strong><strong><br \/>\n<\/strong><\/p>\n","protected":false},"excerpt":{"rendered":"<p>21 d\u00e9cembre 2013\u00a0 :\u00a0 LA COURSE DES P\u00c8RES NO\u00cbL \u00a0\u00a0 le site 7,5 km : plus de 950 arrivants !!! Damien SIGURET : 184\u00e8me au scratch en 00:37:19 (28\u00e8me V2H) Aur\u00e9lie SEGRET-CLOCHARD\u00a0: 249\u00e8me\u00a0au scratch en 00:39:40 (9\u00e8me SEF) M\u00e9lanie BAUDOUIN &hellip; <a href=\"https:\/\/www.electrons-libres.eu\/?page_id=55\">Continuer la lecture <span class=\"meta-nav\">&rarr;<\/span><\/a><\/p>\n","protected":false},"author":1,"featured_media":0,"parent":0,"menu_order":0,"comment_status":"open","ping_status":"open","template":"","meta":{"footnotes":""},"class_list":["post-55","page","type-page","status-publish","hentry"],"_links":{"self":[{"href":"https:\/\/www.electrons-libres.eu\/index.php?rest_route=\/wp\/v2\/pages\/55","targetHints":{"allow":["GET"]}}],"collection":[{"href":"https:\/\/www.electrons-libres.eu\/index.php?rest_route=\/wp\/v2\/pages"}],"about":[{"href":"https:\/\/www.electrons-libres.eu\/index.php?rest_route=\/wp\/v2\/types\/page"}],"author":[{"embeddable":true,"href":"https:\/\/www.electrons-libres.eu\/index.php?rest_route=\/wp\/v2\/users\/1"}],"replies":[{"embeddable":true,"href":"https:\/\/www.electrons-libres.eu\/index.php?rest_route=%2Fwp%2Fv2%2Fcomments&post=55"}],"version-history":[{"count":35,"href":"https:\/\/www.electrons-libres.eu\/index.php?rest_route=\/wp\/v2\/pages\/55\/revisions"}],"predecessor-version":[{"id":830,"href":"https:\/\/www.electrons-libres.eu\/index.php?rest_route=\/wp\/v2\/pages\/55\/revisions\/830"}],"wp:attachment":[{"href":"https:\/\/www.electrons-libres.eu\/index.php?rest_route=%2Fwp%2Fv2%2Fmedia&parent=55"}],"curies":[{"name":"wp","href":"https:\/\/api.w.org\/{rel}","templated":true}]}}